{"id":751,"date":"2019-11-08T09:03:01","date_gmt":"2019-11-08T09:03:01","guid":{"rendered":"http:\/\/1389streetwear.biz\/rs\/?post_type=product&#038;p=751"},"modified":"2026-03-23T19:04:40","modified_gmt":"2026-03-23T19:04:40","slug":"bs-neunistivi-2","status":"publish","type":"product","link":"https:\/\/1389streetwear.biz\/rs\/product\/bs-neunistivi-2\/","title":{"rendered":"BS &#8222;NEUNI\u0160TIVI&#8220;"},"content":{"rendered":"","protected":false},"excerpt":{"rendered":"<p>BS majica u sivoj boji. Sa pri\u0161iva\u010dima na oba rukava i na rubu majice. Proizvedena u Srbiji.<\/p>\n","protected":false},"featured_media":738,"comment_status":"open","ping_status":"closed","template":"","meta":[],"product_cat":[16,21],"product_tag":[],"jetpack_sharing_enabled":true,"_links":{"self":[{"href":"https:\/\/1389streetwear.biz\/rs\/wp-json\/wp\/v2\/product\/751"}],"collection":[{"href":"https:\/\/1389streetwear.biz\/rs\/wp-json\/wp\/v2\/product"}],"about":[{"href":"https:\/\/1389streetwear.biz\/rs\/wp-json\/wp\/v2\/types\/product"}],"replies":[{"embeddable":true,"href":"https:\/\/1389streetwear.biz\/rs\/wp-json\/wp\/v2\/comments?post=751"}],"wp:featuredmedia":[{"embeddable":true,"href":"https:\/\/1389streetwear.biz\/rs\/wp-json\/wp\/v2\/media\/738"}],"wp:attachment":[{"href":"https:\/\/1389streetwear.biz\/rs\/wp-json\/wp\/v2\/media?parent=751"}],"wp:term":[{"taxonomy":"product_cat","embeddable":true,"href":"https:\/\/1389streetwear.biz\/rs\/wp-json\/wp\/v2\/product_cat?post=751"},{"taxonomy":"product_tag","embeddable":true,"href":"https:\/\/1389streetwear.biz\/rs\/wp-json\/wp\/v2\/product_tag?post=751"}],"curies":[{"name":"wp","href":"https:\/\/api.w.org\/{rel}","templated":true}]}}