{"id":392,"date":"2019-06-29T10:43:04","date_gmt":"2019-06-29T10:43:04","guid":{"rendered":"http:\/\/test.superspace-development.com\/srbija\/?page_id=392"},"modified":"2019-09-13T11:53:32","modified_gmt":"2019-09-13T11:53:32","slug":"o-nama","status":"publish","type":"page","link":"https:\/\/1389streetwear.biz\/rs\/o-nama\/","title":{"rendered":"O nama"},"content":{"rendered":"<p><div class=\"fusion-fullwidth fullwidth-box fusion-parallax-none o_nama_first_row hundred-percent-fullwidth hundred-percent-height hundred-percent-height-center-content non-hundred-percent-height-scrolling\"  style='background-color: rgba(255,255,255,0);background-image: url(\"http:\/\/1389streetwear.biz\/srbija\/wp-content\/uploads\/sites\/2\/2019\/06\/o_nama_new.jpg\");background-position: left top;background-repeat: no-repeat;padding-top:0px;padding-right:30%;padding-bottom:0px;padding-left:30%;-webkit-background-size:cover;-moz-background-size:cover;-o-background-size:cover;background-size:cover;'><div class=\"fusion-fullwidth-center-content\"><div class=\"fusion-builder-row fusion-row \"><div  class=\"fusion-layout-column fusion_builder_column fusion_builder_column_1_1 fusion-builder-column-1 fusion-one-full fusion-column-first fusion-column-last 1_1\"  style='margin-top:0px;margin-bottom:20px;'>\n\t\t\t\t\t<div class=\"fusion-column-wrapper\" style=\"padding: 0px 0px 0px 0px;background-position:left top;background-repeat:no-repeat;-webkit-background-size:cover;-moz-background-size:cover;-o-background-size:cover;background-size:cover;\"   data-bg-url=\"\">\n\t\t\t\t\t\t<div class=\"fusion-column-content-centered\"><div class=\"fusion-column-content\"><div class=\"fusion-builder-row fusion-builder-row-inner fusion-row \"><div  data-animationType=fadeIn data-animationDuration=0.7 data-animationOffset=100% class=\"fusion-layout-column fusion_builder_column fusion_builder_column_1_1  fusion-one-full fusion-column-first fusion-column-last fusion-animated 1_1\"  style='margin-top: 20px;margin-bottom: 20px;'><div class=\"fusion-column-wrapper\" style=\"background-color:#ffffff;box-shadow: 0px 0px 1px 0px rgba(0,0,0,0.7);padding: 20px 40px 20px 40px;background-position:left top;background-repeat:no-repeat;-webkit-background-size:cover;-moz-background-size:cover;-o-background-size:cover;background-size:cover;\"  data-bg-url=\"\"><div class=\"imageframe-align-center\"><span class=\"fusion-imageframe imageframe-none imageframe-1 hover-type-none\"><img decoding=\"async\" src=\"http:\/\/1389streetwear.biz\/srbija\/wp-content\/uploads\/sites\/2\/2019\/06\/1389.jpg\" width=\"\" height=\"\" alt=\"\" title=\"\" class=\"img-responsive wp-image-270\" srcset=\"https:\/\/1389streetwear.biz\/rs\/wp-content\/uploads\/sites\/2\/2019\/06\/1389-200x149.jpg 200w, https:\/\/1389streetwear.biz\/rs\/wp-content\/uploads\/sites\/2\/2019\/06\/1389.jpg 210w\" sizes=\"(max-width: 800px) 100vw, 210px\" \/><\/span><\/div><div class=\"fusion-title title fusion-title-1 fusion-sep-none fusion-title-center fusion-title-size-one\" style=\"font-size:60px;margin-top:0px;margin-bottom:31px;\"><h1 class=\"title-heading-center\" style=\"margin:0;font-size:1em;color:#ffcc00;\"><h1 class=\"title-heading-center\"><strong>1389streetwear<\/strong><\/h1><\/h1><\/div><div class=\"fusion-text\"><p>Uli\u010dna garderoba, direktno sa ulice. Jedinstveni dizajni za jedinstvene ljude koji \u017eele da se razlikuju od drugih, sva garderoba je proizvedena u Srbiji, Ovla\u0161\u0107eni zastupnik najpopularnijih srpskih rep sastava za BiH, Evropu i svijet. <br \/>Od nas za vas svim srcem. <\/p>\n<\/div><div class=\"fusion-title title fusion-title-2 fusion-sep-none fusion-title-center fusion-title-size-one\" style=\"font-size:30px;margin-top:0px;margin-bottom:31px;\"><h1 class=\"title-heading-center\" style=\"margin:0;font-size:1em;color:#ffcc00;\"><strong style=\"font-family:Titillium-Web;\">Va\u0161 1389 streetewear<\/strong><\/h1><\/div><\/div><\/div><\/div><\/div><\/div><div class=\"fusion-clearfix\"><\/div>\n\n\t\t\t\t\t<\/div>\n\t\t\t\t<\/div><\/div><\/div><\/div><div class=\"fusion-fullwidth fullwidth-box hidden hundred-percent-fullwidth non-hundred-percent-height-scrolling fusion-equal-height-columns\"  style='background-color: rgba(255,255,255,0);background-position: center center;background-repeat: no-repeat;padding-top:0px;padding-right:0px;padding-bottom:0px;padding-left:0px;'><div class=\"fusion-builder-row fusion-row \"><div  class=\"fusion-layout-column fusion_builder_column fusion_builder_column_1_1 fusion-builder-column-2 fusion-one-full fusion-column-first fusion-column-last fusion-column-no-min-height 1_1\"  style='margin-top:50px;margin-bottom:20px;'>\n\t\t\t\t\t<div class=\"fusion-column-wrapper\" style=\"padding: 0px 0px 0px 0px;background-position:left top;background-repeat:no-repeat;-webkit-background-size:cover;-moz-background-size:cover;-o-background-size:cover;background-size:cover;\"   data-bg-url=\"\">\n\t\t\t\t\t\t<div class=\"fusion-builder-row fusion-builder-row-inner fusion-row \"><div  class=\"fusion-layout-column fusion_builder_column fusion_builder_column_1_4  fusion-one-fourth fusion-column-first 1_4\"  style='margin-top: 0px;margin-bottom: 20px;width:25%;width:calc(25% - ( ( 4% + 4% ) * 0.25 ) );margin-right:4%;'><div class=\"fusion-column-wrapper\" style=\"padding: 0px 0px 0px 0px;background-position:left top;background-repeat:no-repeat;-webkit-background-size:cover;-moz-background-size:cover;-o-background-size:cover;background-size:cover;\"  data-bg-url=\"\"><\/div><\/div><div  class=\"fusion-layout-column fusion_builder_column fusion_builder_column_1_2  fusion-one-half 1_2\"  style='margin-top: 0px;margin-bottom: 20px;width:50%;width:calc(50% - ( ( 4% + 4% ) * 0.5 ) );margin-right:4%;'><div class=\"fusion-column-wrapper\" style=\"padding: 0px 0px 0px 0px;background-position:left top;background-repeat:no-repeat;-webkit-background-size:cover;-moz-background-size:cover;-o-background-size:cover;background-size:cover;\"  data-bg-url=\"\"><div class=\"fusion-title title fusion-title-3 fusion-sep-none fusion-title-size-one\" style=\"font-size:30px;margin-top:0px;margin-bottom:31px;\"><h1 class=\"title-heading-left\" style=\"margin:0;font-size:1em;color:#ffffff;\">Lorem ipsum dolor sit amet, consectetur adipiscing elit. Praesent quis risus magna.\u00a0<\/h1><\/div><div class=\"fusion-text\"><p style=\"font-family: Titillium Web; font-size: 16px; color: #fff;\">Morbi et semper purus. Curabitur bibendum tellus sed vestibulum facilisis. Fusce sed velit hendrerit mi consequat scelerisque. Suspendisse quis blandit leo. Cras ex lacus, suscipit pellentesque aliquet sed, volutpat id sem. Aliquam id tortor fringilla, aliquam est sed, ornare odio. Nunc in leo ac metus convallis rutrum.<\/p>\n<\/div><\/div><\/div><div  class=\"fusion-layout-column fusion_builder_column fusion_builder_column_1_4  fusion-one-fourth fusion-column-last 1_4\"  style='margin-top: 0px;margin-bottom: 20px;width:25%;width:calc(25% - ( ( 4% + 4% ) * 0.25 ) );'><div class=\"fusion-column-wrapper\" style=\"padding: 0px 0px 0px 0px;background-position:left top;background-repeat:no-repeat;-webkit-background-size:cover;-moz-background-size:cover;-o-background-size:cover;background-size:cover;\"  data-bg-url=\"\"><\/div><\/div><\/div><div class=\"fusion-clearfix\"><\/div>\n\n\t\t\t\t\t<\/div>\n\t\t\t\t<\/div><div id=\"o_nama_second_container\" class=\"fusion-layout-column fusion_builder_column fusion_builder_column_1_1 fusion-builder-column-3 fusion-one-full fusion-column-first fusion-column-last 1_1\"  style='margin-top:20px;margin-bottom:20px;'>\n\t\t\t\t\t<div class=\"fusion-column-wrapper\" style=\"padding: 0px 0px 0px 0px;background-position:left top;background-repeat:no-repeat;-webkit-background-size:cover;-moz-background-size:cover;-o-background-size:cover;background-size:cover;\"   data-bg-url=\"\">\n\t\t\t\t\t\t<div class=\"fusion-column-content-centered\"><div class=\"fusion-column-content\"><div class=\"fusion-builder-row fusion-builder-row-inner fusion-row \"><div  class=\"fusion-layout-column fusion_builder_column fusion_builder_column_1_4  fusion-one-fourth fusion-column-first 1_4\"  style='margin-top: 0px;margin-bottom: 20px;width:25%;width:calc(25% - ( ( 4% + 4% + 4% ) * 0.25 ) );margin-right:4%;'><div class=\"fusion-column-wrapper\" style=\"padding: 0px 0px 0px 0px;background-position:left top;background-repeat:no-repeat;-webkit-background-size:cover;-moz-background-size:cover;-o-background-size:cover;background-size:cover;\"  data-bg-url=\"\"><div class=\"imageframe-align-center\"><span class=\"fusion-imageframe imageframe-none imageframe-2 hover-type-none\"><img decoding=\"async\" src=\"http:\/\/1389streetwear.biz\/srbija\/wp-content\/uploads\/sites\/2\/2019\/06\/bs.png\" width=\"\" height=\"\" alt=\"\" title=\"\" class=\"img-responsive wp-image-283\"\/><\/span><\/div><div class=\"fusion-title title fusion-title-4 fusion-sep-none fusion-title-center fusion-title-size-one o_nama_header\" style=\"font-size:20px;margin-top:0px;margin-bottom:31px;\"><h1 class=\"title-heading-center\" style=\"margin:0;font-size:1em;color:#ffffff;\"><h1 class=\"title-heading-center\"><strong>Beogradski sindikat (\u0411\u0435\u043e\u0433\u0440\u0430\u0434\u0441\u043a\u0438 \u0441\u0438\u043d\u0434\u0438\u043a\u0430\u0442)\u00a0<\/strong><\/h1><\/h1><\/div><div class=\"fusion-text\"><p style=\"font-family: 'Titillium Web'; font-size: 14px; color: #ffffff; text-align: center;\">Beogradski sindikat (\u0411\u0435\u043e\u0433\u0440\u0430\u0434\u0441\u043a\u0438 \u0441\u0438\u043d\u0434\u0438\u043a\u0430\u0442) je najpopularnija srpska rep &#8222;grupa&#8220; ili kako oni to vole da ka\u017eu bratija. Odlikuju ih britki i direktni tekstovi koji obuhvataju svakodnevnicu jednog normalnog \u010dovjeka kao i otvorena kritika politi\u010dke &#8222;elite&#8220; u Srbiji. Tokom proteklih 15-ak godina izdali su velik broj pjesama koje nose itekako pou\u010dne poruke kako za mla\u0111e generacije, tako i za one starije. Imamo veliku \u010dast. obavezu i odgovornost da ih predstavimo u pravom svijetlu \u0161irom svijeta. Svi njihovi proizvodi su osmi\u0161ljeni i dizajnirani od samih \u010dlanova sindikata.<br \/>\nVi\u0161e o njima na: <a style=\"font-family: Titillium Web; font-size: 14px; color: #fff;\" href=\"http:\/\/beogradskisindikat.com\">http:\/\/beogradskisindikat.com<\/a><\/p>\n<\/div><div class=\"fusion-title title fusion-title-5 fusion-sep-none fusion-title-center fusion-title-size-one o_nama_header\" style=\"font-size:18px;margin-top:0px;margin-bottom:31px;\"><h1 class=\"title-heading-center\" style=\"margin:0;font-size:1em;color:#ffffff;\"><h1 class=\"title-heading-center\"><strong>\u0421\u0412\u0418 \u0417\u0410\u0408\u0415\u0414\u041d\u041e!!!<\/strong><\/h1><\/h1><\/div><\/div><\/div><div  class=\"fusion-layout-column fusion_builder_column fusion_builder_column_1_4  fusion-one-fourth 1_4\"  style='margin-top: 0px;margin-bottom: 20px;width:25%;width:calc(25% - ( ( 4% + 4% + 4% ) * 0.25 ) );margin-right:4%;'><div class=\"fusion-column-wrapper\" style=\"padding: 0px 0px 0px 0px;background-position:left top;background-repeat:no-repeat;-webkit-background-size:cover;-moz-background-size:cover;-o-background-size:cover;background-size:cover;\"  data-bg-url=\"\"><div class=\"imageframe-align-center\"><span class=\"fusion-imageframe imageframe-none imageframe-3 hover-type-none\"><img decoding=\"async\" src=\"http:\/\/1389streetwear.biz\/srbija\/wp-content\/uploads\/sites\/2\/2019\/06\/thc.jpg\" width=\"\" height=\"\" alt=\"\" title=\"\" class=\"img-responsive wp-image-292\"\/><\/span><\/div><div class=\"fusion-title title fusion-title-6 fusion-sep-none fusion-title-center fusion-title-size-one o_nama_header\" style=\"font-size:20px;margin-top:0px;margin-bottom:31px;\"><h1 class=\"title-heading-center\" style=\"margin:0;font-size:1em;color:#ffffff;\"><h1 class=\"title-heading-center\"><strong>THCF (T\u0435 \u0445\u0430 \u0446\u0435\u043b\u0430 \u0444\u0430\u043c\u0438\u043b\u0438\u0458\u0430)<\/strong><\/h1><\/h1><\/div><div class=\"fusion-text\"><p style=\"font-family: 'Titillium Web'; font-size: 14px; color: #ffffff; text-align: center;\">THCF je rep grupa koja postoji vi\u0161e od 10 godina, trenutno je u samom vrhu Hip-Hop scene, u zadnjih par godina momci iz THCF-a odu\u0161evljavaju publiku \u0161irom Srbije i Evrope svojim nastupima, energijom i predano\u0161\u0107u. Tako\u0111e poznati su kao veliki humanitarci i ljudi koji su se do sada bezbrojano puta istakli u humanitarnim akcijama i hvala im na svom trudu i radu.<br \/>\nVi\u0161e o njima na: <a style=\"font-family: Titillium Web; font-size: 14px; color: #fff;\" href=\"http:\/\/thcf.rs\">www.thcf.rs<\/a><\/p>\n<\/div><div class=\"fusion-title title fusion-title-7 fusion-sep-none fusion-title-center fusion-title-size-one o_nama_header\" style=\"font-size:18px;margin-top:0px;margin-bottom:31px;\"><h1 class=\"title-heading-center\" style=\"margin:0;font-size:1em;color:#ffffff;\"><h1 class=\"title-heading-center\"><strong>\u0422\u0425\u0426\u0424 \u0408\u0415 \u0412\u0418\u0428\u0415 \u041e\u0414 \u0420\u0415\u041f\u0410!!!<\/strong><\/h1><\/h1><\/div><\/div><\/div><div  class=\"fusion-layout-column fusion_builder_column fusion_builder_column_1_4  fusion-one-fourth 1_4\"  style='margin-top: 0px;margin-bottom: 20px;width:25%;width:calc(25% - ( ( 4% + 4% + 4% ) * 0.25 ) );margin-right:4%;'><div class=\"fusion-column-wrapper\" style=\"padding: 0px 0px 0px 0px;background-position:left top;background-repeat:no-repeat;-webkit-background-size:cover;-moz-background-size:cover;-o-background-size:cover;background-size:cover;\"  data-bg-url=\"\"><div class=\"imageframe-align-center\"><span class=\"fusion-imageframe imageframe-none imageframe-4 hover-type-none\"><img decoding=\"async\" src=\"http:\/\/1389streetwear.biz\/srbija\/wp-content\/uploads\/sites\/2\/2019\/06\/szs.jpg\" width=\"\" height=\"\" alt=\"\" title=\"szs\" class=\"img-responsive wp-image-297\"\/><\/span><\/div><div class=\"fusion-title title fusion-title-8 fusion-sep-none fusion-title-center fusion-title-size-one o_nama_header\" style=\"font-size:20px;margin-top:0px;margin-bottom:31px;\"><h1 class=\"title-heading-center\" style=\"margin:0;font-size:1em;color:#ffffff;\"><h1 class=\"title-heading-center\"><strong>\u0421\u0420\u0411\u0418 \u0417\u0410 \u0421\u0420\u0411\u0415<\/strong><\/h1><\/h1><\/div><div class=\"fusion-text\"><p style=\"font-family: 'Titillium Web'; font-size: 14px; color: #ffffff; text-align: center;\">K\u0440\u0430\u0458\u0435\u043c 2005. \u0433\u043e\u0434\u0438\u043d\u0435 \u0440\u043e\u0452\u0435\u043d\u0430 \u0458\u0435 \u0438\u0434\u0435\u0458\u0430 \u043e \u0445\u0443\u043c\u0430\u043d\u0438\u0442\u0430\u0440\u043d\u043e\u0458 \u043e\u0440\u0433\u0430\u043d\u0438\u0437\u0430\u0446\u0438\u0458\u0438 \u0421\u0420\u0411\u0418 \u0417\u0410 \u0421\u0420\u0411\u0415. \u041e\u043a\u043e\u0441\u043d\u0438\u0446\u0443 \u043e\u0432\u0435 \u043e\u0440\u0433\u0430\u043d\u0438\u0437\u0430\u0446\u0438\u0458\u0435 \u0447\u0438\u043d\u0435 \u043c\u043b\u0430\u0434\u0438 \u0438 \u0435\u043d\u0435\u0440\u0433\u0438\u0447\u043d\u0438 \u0459\u0443\u0434\u0438, \u043e\u043a\u0443\u043f\u0459\u0435\u043d\u0438 \u0437\u0430\u0458\u0435\u0434\u043d\u0438\u0447\u043a\u043e\u043c \u0432\u0438\u0437\u0438\u0458\u043e\u043c \u043f\u043e\u043c\u043e\u045b\u0438 \u043e\u043d\u0438\u043c\u0430 \u043a\u043e\u0458\u0438 \u0441\u0443 \u0431\u043b\u0430\u0433\u043e\u0441\u043b\u043e\u0432\u0435\u043d\u0438 \u0431\u0440\u043e\u0458\u043d\u0438\u043c \u043f\u043e\u0442\u043e\u043c\u0441\u0442\u0432\u043e\u043c, \u0441\u0432\u0435\u0441\u043d\u0438\u0445 \u0434\u0430 \u0441\u0432\u0430\u043a\u043e\u043c \u043a\u043e \u043d\u0435 \u0436\u0438\u0432\u0438 \u0443 \u043c\u0430\u0442\u0435\u0440\u0438\u0458\u0430\u043b\u043d\u043e\u043c \u0438\u0437\u043e\u0431\u0438\u0459\u0443 \u0438 \u043c\u0430\u043b\u0430 \u043f\u043e\u043c\u043e\u045b \u0437\u043d\u0430\u0447\u0438 \u043f\u0443\u043d\u043e. \u041d\u0430\u043b\u0430\u0437\u0438\u043c\u043e \u0441\u0435 \u0432\u0435\u045b\u0438\u043d\u043e\u043c \u0443 \u0434\u0438\u0458\u0430\u0441\u043f\u043e\u0440\u0438, \u0434\u0430\u043b\u0435\u043a\u043e \u043e\u0434 \u0434\u043e\u043c\u043e\u0432\u0438\u043d\u0435 \u0444\u0438\u0437\u0438\u0447\u043a\u0438, \u0430\u043b\u0438 \u043d\u0435 \u0438 \u0441\u0440\u0446\u0435\u043c. \u041e\u043a\u0443\u043f\u0438\u043b\u0430 \u043d\u0430\u0441 \u0458\u0435 \u0445\u0443\u043c\u0430\u043d\u0430 \u0438\u0434\u0435\u0458\u0430 \u0434\u0430 \u0431\u043e\u0433\u043e\u0443\u0433\u043e\u0434\u043d\u0438\u043c \u0434\u0435\u043b\u043e\u043c \u043f\u043e\u043c\u043e\u0433\u043d\u0435\u043c\u043e \u043d\u0430\u0458\u0443\u0433\u0440\u043e\u0436\u0435\u043d\u0438\u0458\u0435\u043c \u0434\u0435\u043b\u0443 \u0441\u0440\u043f\u0441\u043a\u0435 \u043d\u0430\u0446\u0438\u0458\u0435. \u0418\u0441\u043a\u0440\u0435\u043d\u0435 \u043d\u0430\u043c\u0435\u0440\u0435, \u0436\u0435\u0459\u0430 \u0438 \u0432\u0435\u0440\u0430 \u0443 \u043e\u043d\u043e \u0448\u0442\u043e \u0441\u043c\u043e \u043d\u0430\u0443\u043c\u0438\u043b\u0438 \u0443\u0440\u0430\u0434\u0438\u0442\u0438 \u043f\u0440\u0435\u0432\u0430\u0437\u0438\u0448\u043b\u0430 \u0458\u0435 \u0441\u0443\u043c\u045a\u0435 \u043c\u0435\u0452\u0443 \u043d\u0430\u043c\u0430, \u0430 \u0433\u0435\u043e\u0433\u0440\u0430\u0444\u0441\u043a\u0430 \u0440\u0430\u0437\u0434\u0430\u0459\u0438\u043d\u0430 \u043d\u0435 \u043f\u0440\u0435\u0434\u0441\u0442\u0430\u0432\u0459\u0430 \u0442\u0435\u0448\u043a\u043e\u045b\u0443 \u0434\u0430 \u0431\u0443\u0434\u0435\u043c\u043e \u0443 \u0441\u0432\u0430\u043a\u043e\u0434\u043d\u0435\u0432\u043d\u043e\u043c \u043a\u043e\u043d\u0442\u0430\u043a\u0442\u0443 \u0438 \u0434\u043e\u0433\u043e\u0432\u043e\u0440\u0443.<\/p>\n<\/div><div class=\"fusion-title title fusion-title-9 fusion-sep-none fusion-title-center fusion-title-size-one o_nama_header\" style=\"font-size:18px;margin-top:0px;margin-bottom:31px;\"><h1 class=\"title-heading-center\" style=\"margin:0;font-size:1em;color:#ffffff;\"><div align=\"center\"><strong>\u0414\u0415\u0426\u0410 \u0421\u0423 \u041d\u0410\u0428\u0410 \u0411\u0423\u0414\u0423\u040b\u041d\u041e\u0421\u0422!\u00a0 \u00a0<\/strong><\/div>\n<div align=\"center\"><strong>\u0425\u0423\u041c\u0410\u041d\u0418\u0422\u0410\u0420\u041d\u0410 \u041e\u0420\u0413\u0410\u041d\u0418\u0417\u0410\u0426\u0418\u0408\u0410 \u0421\u0420\u0411\u0418 \u0417\u0410 \u0421\u0420\u0411\u0415<\/strong><\/div><\/h1><\/div><\/div><\/div><div  class=\"fusion-layout-column fusion_builder_column fusion_builder_column_1_4  fusion-one-fourth fusion-column-last 1_4\"  style='margin-top: 0px;margin-bottom: 20px;width:25%;width:calc(25% - ( ( 4% + 4% + 4% ) * 0.25 ) );'><div class=\"fusion-column-wrapper\" style=\"padding: 0px 0px 0px 0px;background-position:left top;background-repeat:no-repeat;-webkit-background-size:cover;-moz-background-size:cover;-o-background-size:cover;background-size:cover;\"  data-bg-url=\"\"><div class=\"imageframe-align-center\"><span class=\"fusion-imageframe imageframe-none imageframe-5 hover-type-none\"><img decoding=\"async\" src=\"http:\/\/1389streetwear.biz\/srbija\/wp-content\/uploads\/sites\/2\/2019\/06\/spoi.jpg\" width=\"\" height=\"\" alt=\"\" title=\"spoi\" class=\"img-responsive wp-image-306\"\/><\/span><\/div><div class=\"fusion-title title fusion-title-10 fusion-sep-none fusion-title-center fusion-title-size-one o_nama_header\" style=\"font-size:20px;margin-top:0px;margin-bottom:31px;\"><h1 class=\"title-heading-center\" style=\"margin:0;font-size:1em;color:#ffffff;\"><h1 class=\"title-heading-center\"><strong>\u0421\u0440\u043f\u0441\u043a\u0430 \u043f\u0440\u0430\u0432\u043e\u0441\u043b\u0430\u0432\u043d\u0430 \u043e\u043c\u043b\u0430\u0434\u0438\u043d\u0430 \u0418\u043d\u0437\u0431\u0440\u0443\u043a \u2013 \u0421\u041f\u041e\u0408\u0418<\/strong><\/h1><\/h1><\/div><div class=\"fusion-text\"><p style=\"font-family: 'Titillium Web'; font-size: 14px; color: #ffffff; text-align: center;\">\u0421\u0440\u043f\u0441\u043a\u0430 \u043f\u0440\u0430\u0432\u043e\u0441\u043b\u0430\u0432\u043d\u0430 \u043e\u043c\u043b\u0430\u0434\u0438\u043d\u0430 \u0418\u043d\u0437\u0431\u0440\u0443\u043a \u2013 \u0421\u041f\u041e\u0408\u0418 \u0458\u0435 \u043d\u0435\u043f\u0440\u043e\u0444\u0438\u0442\u043d\u0430, \u043d\u0435\u043f\u043e\u043b\u0438\u0442\u0438\u0447\u043a\u0430, \u043d\u0435\u0437\u0430\u0432\u0438\u0441\u043d\u0430 \u043d\u0435\u0432\u043b\u0430\u0434\u0438\u043d\u0430 \u043e\u0440\u0433\u0430\u043d\u0438\u0437\u0430\u0446\u0438\u0458\u0430, \u043a\u043e\u0458\u0430 \u0458\u0435 12. \u0430\u043f\u0440\u0438\u043b\u0430 2009. \u0433\u043e\u0434\u0438\u043d\u0435, \u043d\u0430 \u043f\u0440\u0430\u0437\u043d\u0438\u043a \u0426\u0432\u0435\u0442\u0438, \u043e\u0441\u043d\u043e\u0432\u0430\u043d\u0430 \u0443 \u0418\u043d\u0437\u0431\u0440\u0443\u043a\u0443 \u0443\u0437 \u0431\u043b\u0430\u0433\u043e\u0441\u043b\u043e\u0432 \u0421\u0440\u043f\u0441\u043a\u0435 \u043f\u0440\u0430\u0432\u043e\u0441\u043b\u0430\u0432\u043d\u0435 \u0446\u0440\u043a\u0432\u0435.<\/p>\n<\/div><div class=\"fusion-title title fusion-title-11 fusion-sep-none fusion-title-center fusion-title-size-one o_nama_header\" style=\"font-size:18px;margin-top:0px;margin-bottom:31px;\"><h1 class=\"title-heading-center\" style=\"margin:0;font-size:1em;color:#ffffff;\"><h1 class=\"title-heading-center\"><b><strong>\u0421\u041f\u041e\u0408\u0415\u041d\u0418 \u0421\u041c\u041e \u0408\u0410\u0427\u0418!<\/strong><\/b><\/h1><\/h1><\/div><\/div><\/div><\/div><\/div><\/div><div class=\"fusion-clearfix\"><\/div>\n\n\t\t\t\t\t<\/div>\n\t\t\t\t<\/div><\/div><\/div><\/p>\n","protected":false},"excerpt":{"rendered":"","protected":false},"author":1,"featured_media":0,"parent":0,"menu_order":0,"comment_status":"closed","ping_status":"closed","template":"100-width.php","meta":{"footnotes":""},"jetpack_sharing_enabled":true,"_links":{"self":[{"href":"https:\/\/1389streetwear.biz\/rs\/wp-json\/wp\/v2\/pages\/392"}],"collection":[{"href":"https:\/\/1389streetwear.biz\/rs\/wp-json\/wp\/v2\/pages"}],"about":[{"href":"https:\/\/1389streetwear.biz\/rs\/wp-json\/wp\/v2\/types\/page"}],"author":[{"embeddable":true,"href":"https:\/\/1389streetwear.biz\/rs\/wp-json\/wp\/v2\/users\/1"}],"replies":[{"embeddable":true,"href":"https:\/\/1389streetwear.biz\/rs\/wp-json\/wp\/v2\/comments?post=392"}],"version-history":[{"count":70,"href":"https:\/\/1389streetwear.biz\/rs\/wp-json\/wp\/v2\/pages\/392\/revisions"}],"predecessor-version":[{"id":501,"href":"https:\/\/1389streetwear.biz\/rs\/wp-json\/wp\/v2\/pages\/392\/revisions\/501"}],"wp:attachment":[{"href":"https:\/\/1389streetwear.biz\/rs\/wp-json\/wp\/v2\/media?parent=392"}],"curies":[{"name":"wp","href":"https:\/\/api.w.org\/{rel}","templated":true}]}}